{"id":313,"date":"2021-06-23T18:05:01","date_gmt":"2021-06-23T16:05:01","guid":{"rendered":"https:\/\/www.europedespains.com\/?page_id=313"},"modified":"2025-04-09T23:17:56","modified_gmt":"2025-04-09T21:17:56","slug":"entreprise","status":"publish","type":"page","link":"https:\/\/www.europedespains.com\/en\/entreprise\/","title":{"rendered":"The company"},"content":{"rendered":"<nav  aria-label=\"breadcrumb\"><ol class=\"breadcrumb\" itemscope itemtype=\"https:\/\/schema.org\/BreadcrumbList\"><li class=\"breadcrumb-item active\" aria-current=\"page\" itemprop=\"itemListElement\" itemscope itemtype=\"https:\/\/schema.org\/ListItem\"><span itemprop=\"name\">Home<\/span><meta itemprop=\"position\" content=\"1\"><\/li><\/ol><\/nav>\n\t\t\t<h1>25 years<\/h1><h2>of expertise<\/h2>\t\t\t\n\t\t\t\t<p>Historically based in the heart of the Aveyron, we are part of the independent French group <strong>the Fromentiers de France<\/strong>.<\/p>\n\t<p>100% dedicated to the bread industry, we defend a responsible and innovative industry. We control the entire production chain to guarantee healthy and controlled food at every stage.<\/p>\n\t\t\t\t<img loading=\"lazy\" decoding=\"async\" src=\"https:\/\/www.europedespains.com\/wp-content\/uploads\/2022\/05\/Image-9.jpg\" alt=\"Image-9\" itemprop=\"image\" height=\"105\" width=\"109\" title=\"Image-9\" onerror=\"this.style.display='none'\"  \/>\n\t<p>*Primary ingredient<\/p>\n\t\t\t\t<img loading=\"lazy\" decoding=\"async\" src=\"https:\/\/www.europedespains.com\/wp-content\/uploads\/2022\/05\/Image-8.jpg\" alt=\"Image-8\" itemprop=\"image\" height=\"111\" width=\"111\" title=\"Image-8\" onerror=\"this.style.display='none'\"  \/>\n\t<p>*Product details can be provided on request<\/p>\n\t\t\t\t<img loading=\"lazy\" decoding=\"async\" src=\"https:\/\/www.europedespains.com\/wp-content\/uploads\/2021\/06\/Groupe-27.jpg\" alt=\"Group 27\" itemprop=\"image\" height=\"91\" width=\"154\" title=\"Group 27\" onerror=\"this.style.display='none'\"  \/>\n\t<p>Some products are excluded from the scope of the IFS Food assessment and details of the exclusion can be provided on request.<\/p>\n\tOur production site<br \/>\nen Aveyron\n<h3>\n\t\tSaint-R\u00e9MY (12)\n\t<\/h3>\n\tpre-cooked frozen<br \/>\n11300 M2<br \/>\n3 lines - 85 employees\n\t\t\t\t<img loading=\"lazy\" decoding=\"async\" src=\"https:\/\/www.europedespains.com\/wp-content\/uploads\/2021\/06\/Image-7.png\" alt=\"Image 7\" itemprop=\"image\" height=\"179\" width=\"174\" title=\"Image 7\" onerror=\"this.style.display='none'\"  \/>\n<h2>\n\t\tAn independent group, <br \/>familyowned\nand with a European appeal\n\t<\/h2>\n\tLes Fromentiers de France is a French group specialised in the bread and snacking industry.<br \/>\nIts main shareholder is the Vilgrain family group, a long-standing player in the food industry, particularly in the milling and baking sectors.\n\t\t\t<h3>Our strength :<\/h3>\t\t\t\n\t\t\t\t<p>combining the rigour <strong>a family culture<\/strong>,<br \/>and the resources <strong>of an international group<\/strong>.<\/p>\n\t\t\t\t<a href=\"https:\/\/www.europedespains.com\/en\/contact\/\" target=\"_self\" itemprop=\"url\" rel=\"noopener\">\n\t\t\t\t<img loading=\"lazy\" decoding=\"async\" src=\"https:\/\/www.europedespains.com\/wp-content\/uploads\/2021\/06\/Composant-35---1.jpg\" alt=\"Component-35---1\" itemprop=\"image\" height=\"251\" width=\"811\" title=\"Component-35---1\" onerror=\"this.style.display='none'\"  \/>\n\t\t\t\t<\/a>\n<h3>\n\t\tPour l&rsquo;ann\u00e9e 2025, l&rsquo;index \u00e9galit\u00e9 femmes\/hommes de la soci\u00e9t\u00e9 EUROPE DES PAINS est de 92\/100 points.\n\t<\/h3>\n\t<p>Celui-ci a \u00e9t\u00e9 calcul\u00e9 sur les donn\u00e9es de l&rsquo;ann\u00e9e 2024.<\/p>\n<p>Here are the points obtained for each indicator:<\/p>\n<ul>\n<li>Ecart de r\u00e9mun\u00e9ration : 33 points obtenus sur 40 points<\/li>\n<li>Ecart de taux d&rsquo;augmentations individuelles : 35 points obtenus sur 35 points<\/li>\n<li>Percentage of employees who received a raise in the year following their return from maternity\/adoption leave: not calculable<\/li>\n<li>Number of employees of the under-represented sex among the 10 highest salaries: 10 points obtained out of 10 points<\/li>\n<\/ul>","protected":false},"excerpt":{"rendered":"<p>25 years of expertise Historically based in the heart of Aveyron, we are part of the independent French group Les Fromentiers de France. 100% dedicated to the bread industry, we defend a responsible and innovative industry. We control the entire production chain to guarantee healthy and controlled food at every stage. *Primary ingredient *The ...<\/p>\n<p class=\"read-more\"> <a class=\"\" href=\"https:\/\/www.europedespains.com\/en\/entreprise\/\"> <span class=\"screen-reader-text\">The company<\/span> Read More \"<\/a><\/p>","protected":false},"author":6,"featured_media":0,"parent":0,"menu_order":0,"comment_status":"closed","ping_status":"closed","template":"","meta":{"_seopress_robots_primary_cat":"","_seopress_titles_title":"L'entreprise - Fournisseur de pain industriel Europe des pains","_seopress_titles_desc":"D\u00e9couvrez en plus sur le fournisseur de pain industriel Europe de pains, une entreprise aveyronnaise, historique et 100% engag\u00e9e sur la fili\u00e8re.","_seopress_robots_index":"","inline_featured_image":false,"site-sidebar-layout":"no-sidebar","site-content-layout":"page-builder","ast-global-header-display":"","ast-main-header-display":"","ast-hfb-above-header-display":"","ast-hfb-below-header-display":"","ast-hfb-mobile-header-display":"","site-post-title":"disabled","ast-breadcrumbs-content":"","ast-featured-img":"disabled","footer-sml-layout":"","theme-transparent-header-meta":"default","adv-header-id-meta":"","stick-header-meta":"default","header-above-stick-meta":"","header-main-stick-meta":"","header-below-stick-meta":"","footnotes":""},"class_list":["post-313","page","type-page","status-publish","hentry"],"_links":{"self":[{"href":"https:\/\/www.europedespains.com\/en\/wp-json\/wp\/v2\/pages\/313"}],"collection":[{"href":"https:\/\/www.europedespains.com\/en\/wp-json\/wp\/v2\/pages"}],"about":[{"href":"https:\/\/www.europedespains.com\/en\/wp-json\/wp\/v2\/types\/page"}],"author":[{"embeddable":true,"href":"https:\/\/www.europedespains.com\/en\/wp-json\/wp\/v2\/users\/6"}],"replies":[{"embeddable":true,"href":"https:\/\/www.europedespains.com\/en\/wp-json\/wp\/v2\/comments?post=313"}],"version-history":[{"count":17,"href":"https:\/\/www.europedespains.com\/en\/wp-json\/wp\/v2\/pages\/313\/revisions"}],"predecessor-version":[{"id":964,"href":"https:\/\/www.europedespains.com\/en\/wp-json\/wp\/v2\/pages\/313\/revisions\/964"}],"wp:attachment":[{"href":"https:\/\/www.europedespains.com\/en\/wp-json\/wp\/v2\/media?parent=313"}],"curies":[{"name":"wp","href":"https:\/\/api.w.org\/{rel}","templated":true}]}}