{"id":230,"date":"2021-06-15T15:08:08","date_gmt":"2021-06-15T13:08:08","guid":{"rendered":"https:\/\/www.europedespains.com\/?page_id=230"},"modified":"2023-07-25T14:21:27","modified_gmt":"2023-07-25T12:21:27","slug":"pain-precuit-congele","status":"publish","type":"page","link":"https:\/\/www.europedespains.com\/en\/pain-precuit-congele\/","title":{"rendered":"Frozen precooked"},"content":{"rendered":"<nav  aria-label=\"breadcrumb\"><ol class=\"breadcrumb\" itemscope itemtype=\"https:\/\/schema.org\/BreadcrumbList\"><li class=\"breadcrumb-item active\" aria-current=\"page\" itemprop=\"itemListElement\" itemscope itemtype=\"https:\/\/schema.org\/ListItem\"><span itemprop=\"name\">Home<\/span><meta itemprop=\"position\" content=\"1\"><\/li><\/ol><\/nav>\n\t\t\t<h4>The range<\/h4><h1>PRE-COOKED FROZEN<\/h1>\t\t\t\n\t\t\t\t<img loading=\"lazy\" decoding=\"async\" src=\"https:\/\/www.europedespains.com\/wp-content\/uploads\/2023\/07\/baguetteblanche-2.jpg\" alt=\"baguetteblanche-2\" itemprop=\"image\" height=\"774\" width=\"744\" title=\"baguetteblanche-2\" onerror=\"this.style.display='none'\"  \/>\n\t\t\t<h2>The white baguette<\/h2>\t\t\t\n\t\t\t\t<p>Made from traditional flour from South-Western wheat, it benefits from mass fermentation (or tank fermentation) to develop the flavours of the wheat. Flour, salt, yeast, water and that's it. It is a very flexible product for managing your shelves. It is very easy to use by someone who is not experienced and provides consistency for the customer.<\/p>\n\t\t\t<h2>The multigrain bastard<\/h2>\t\t\t\n\t\t\t\t<p>Made with traditional flour from a mixture of exclusive seeds from our homemade sourdough.\u00a0<\/p>\n\t\t\t\t<img loading=\"lazy\" decoding=\"async\" src=\"https:\/\/www.europedespains.com\/wp-content\/uploads\/2022\/01\/batard-multicereales.jpg\" alt=\"batard-multicereales\" itemprop=\"image\" height=\"584\" width=\"790\" title=\"batard-multicereales\" onerror=\"this.style.display='none'\"  \/>\n\t\t\t\t<img loading=\"lazy\" decoding=\"async\" src=\"https:\/\/www.europedespains.com\/wp-content\/uploads\/2022\/01\/tourte-du-pape.jpg\" alt=\"tourte-du-pape\" itemprop=\"image\" height=\"582\" width=\"744\" title=\"tourte-du-pape\" onerror=\"this.style.display='none'\"  \/>\n\t\t\t<h2>Small round loaf<\/h2>\t\t\t\n\t\t\t\t<p>A subtle blend of traditional flour and rye flour from Aveyron and homemade sourdough. All this is done with a very long fermentation process in mass, which gives it a crispy and golden crust and a long shelf life.<\/p>\n\t\t\t<h2>Linseed loaf<\/h2>\t\t\t\n\t\t\t\t<p>A recipe rich in brown flaxseed, a seed known for its richness in omega 3 (essential fatty acid). It is a bread with a subtle taste and a long shelf life.<\/p>\n\t\t\t\t<img loading=\"lazy\" decoding=\"async\" src=\"https:\/\/www.europedespains.com\/wp-content\/uploads\/2022\/01\/pave-au-lin.jpg\" alt=\"pave-au-lin\" itemprop=\"image\" height=\"552\" width=\"745\" title=\"pave-au-lin\" onerror=\"this.style.display='none'\"  \/>\n\t\t\t\t<img loading=\"lazy\" decoding=\"async\" src=\"https:\/\/www.europedespains.com\/wp-content\/uploads\/2023\/07\/boule-integrale.jpg\" alt=\"boule-integrale\" itemprop=\"image\" height=\"774\" width=\"744\" title=\"boule-integrale\" onerror=\"this.style.display='none'\"  \/>\n\t\t\t<h2>Wholemeal brown round loaf<\/h2>\t\t\t\n\t\t\t\t<p>A unique recipe made by us from wholemeal flour with nutritional properties. It is a bread of great aromatic richness.<\/p>\n\t\t\t<h2>The catalogue<\/h2>\t\t\t\n\t\t\t\t<p>To discover all our products, please download the catalogue:<\/p>\n\t\t\t\t<a href=\"https:\/\/www.europedespains.com\/wp-content\/uploads\/2023\/07\/catalogue-edp-072023-web.pdf\" target=\"_blank\" rel=\"noopener\" itemprop=\"url\">\n\t\t\t\t<img loading=\"lazy\" decoding=\"async\" src=\"https:\/\/www.europedespains.com\/wp-content\/uploads\/2021\/06\/Composant-35---1.jpg\" alt=\"Component-35---1\" itemprop=\"image\" height=\"251\" width=\"811\" title=\"Component-35---1\" onerror=\"this.style.display='none'\"  \/>\n\t\t\t\t<\/a>\n\t\t\t<h2>Your made-to-measure bread?<\/h2>\t\t\t\n\t\t\t\t<p>Do you need a particular product?<br \/>To design a range for\na company, a brand, a distribution network?<\/p>\n\t\t\t\t<a href=\"https:\/\/www.europedespains.com\/en\/contact\/\" target=\"_self\" itemprop=\"url\" rel=\"noopener\">\n\t\t\t\t<img loading=\"lazy\" decoding=\"async\" src=\"https:\/\/www.europedespains.com\/wp-content\/uploads\/2021\/06\/Composant-35---1.jpg\" alt=\"Component-35---1\" itemprop=\"image\" height=\"251\" width=\"811\" title=\"Component-35---1\" onerror=\"this.style.display='none'\"  \/>\n\t\t\t\t<\/a>","protected":false},"excerpt":{"rendered":"<p>The FROZEN PRECUIT range The white baguette Made from traditional flour from South-Western wheat, it benefits from a mass fermentation (or tank fermentation) to develop the flavours of the wheat. Flour, salt, yeast, water and that's it. It is a very flexible product in terms of its ...<\/p>\n<p class=\"read-more\"> <a class=\"\" href=\"https:\/\/www.europedespains.com\/en\/pain-precuit-congele\/\"> <span class=\"screen-reader-text\">Frozen precooked<\/span> Read More \"<\/a><\/p>","protected":false},"author":5,"featured_media":0,"parent":0,"menu_order":0,"comment_status":"closed","ping_status":"closed","template":"","meta":{"_seopress_robots_primary_cat":"","_seopress_titles_title":"Pain pr\u00e9cuit congel\u00e9 - Boulangerie industrielle Europe des pains","_seopress_titles_desc":"D\u00e9couvrez la gamme pr\u00e9cuit congel\u00e9, des pains d&#039;excellence \u00e9labor\u00e9s selon un savoir-faire traditionnel par la boulangerie industrielle Europe des pains.","_seopress_robots_index":"","inline_featured_image":false,"site-sidebar-layout":"no-sidebar","site-content-layout":"page-builder","ast-global-header-display":"","ast-main-header-display":"","ast-hfb-above-header-display":"","ast-hfb-below-header-display":"","ast-hfb-mobile-header-display":"","site-post-title":"disabled","ast-breadcrumbs-content":"","ast-featured-img":"disabled","footer-sml-layout":"","theme-transparent-header-meta":"default","adv-header-id-meta":"","stick-header-meta":"default","header-above-stick-meta":"","header-main-stick-meta":"","header-below-stick-meta":"","footnotes":""},"class_list":["post-230","page","type-page","status-publish","hentry"],"_links":{"self":[{"href":"https:\/\/www.europedespains.com\/en\/wp-json\/wp\/v2\/pages\/230"}],"collection":[{"href":"https:\/\/www.europedespains.com\/en\/wp-json\/wp\/v2\/pages"}],"about":[{"href":"https:\/\/www.europedespains.com\/en\/wp-json\/wp\/v2\/types\/page"}],"author":[{"embeddable":true,"href":"https:\/\/www.europedespains.com\/en\/wp-json\/wp\/v2\/users\/5"}],"replies":[{"embeddable":true,"href":"https:\/\/www.europedespains.com\/en\/wp-json\/wp\/v2\/comments?post=230"}],"version-history":[{"count":7,"href":"https:\/\/www.europedespains.com\/en\/wp-json\/wp\/v2\/pages\/230\/revisions"}],"predecessor-version":[{"id":930,"href":"https:\/\/www.europedespains.com\/en\/wp-json\/wp\/v2\/pages\/230\/revisions\/930"}],"wp:attachment":[{"href":"https:\/\/www.europedespains.com\/en\/wp-json\/wp\/v2\/media?parent=230"}],"curies":[{"name":"wp","href":"https:\/\/api.w.org\/{rel}","templated":true}]}}