{"id":11,"date":"2020-03-05T14:11:54","date_gmt":"2020-03-05T13:11:54","guid":{"rendered":"http:\/\/cgt-cic-sofr.lesoukdemma.fr\/?page_id=11"},"modified":"2023-07-25T15:21:36","modified_gmt":"2023-07-25T13:21:36","slug":"accueil","status":"publish","type":"page","link":"https:\/\/www.europedespains.com\/en\/","title":{"rendered":"Home"},"content":{"rendered":"<h1>\n\t\tEUROPE OF BREADS\n\t<\/h1>\n\t\t\t\t<img loading=\"lazy\" decoding=\"async\" src=\"https:\/\/www.europedespains.com\/wp-content\/uploads\/2021\/09\/createurdepains.svg\" alt=\"createurdepains\" itemprop=\"image\" height=\"0\" width=\"0\" title=\"createurdepains\" onerror=\"this.style.display='none'\"  \/>\n\t<p>We create quality breads, thanks to our know-how and our high-performance industrial production capacities.<\/p>\n\t\t\t<h3>THE COMPANY<\/h3><h2>25 years of expertise<\/h2>\t\t\t\n\t\t\t\t<img loading=\"lazy\" decoding=\"async\" src=\"https:\/\/www.europedespains.com\/wp-content\/uploads\/2022\/01\/home-pains.jpg\" alt=\"home ovens\" itemprop=\"image\" height=\"903\" width=\"640\" title=\"home ovens\" onerror=\"this.style.display='none'\"  \/>\n\t\t\t<h4>KNOW-HOW<\/h4><h3>Our job, <br \/>is to make bread.<\/h3>\t\t\t\n\t\t\t\t<p>It also means adapting and responding to your needs.<\/p>\n\t\t\t\t<a href=\"https:\/\/www.europedespains.com\/en\/savoir-faire\/\" target=\"_self\" itemprop=\"url\" rel=\"noopener\">\n\t\t\t\t<img loading=\"lazy\" decoding=\"async\" src=\"https:\/\/www.europedespains.com\/wp-content\/uploads\/2021\/06\/Composant-35---1.jpg\" alt=\"Component-35---1\" itemprop=\"image\" height=\"251\" width=\"811\" title=\"Component-35---1\" onerror=\"this.style.display='none'\"  \/>\n\t\t\t\t<\/a>\n\t\t\t\t<img loading=\"lazy\" decoding=\"async\" src=\"https:\/\/www.europedespains.com\/wp-content\/uploads\/2021\/06\/bg-home-savoirfaire-1.jpg\" alt=\"bg-home-savoirfaire\" itemprop=\"image\" height=\"905\" width=\"1357\" title=\"bg-home-savoirfaire\" onerror=\"this.style.display='none'\"  \/>","protected":false},"excerpt":{"rendered":"<p>EUROPE DES PAINS Nous cr\u00e9ons des pains de qualit\u00e9, gr\u00e2ce \u00e0 notre savoir-faire, nos capacit\u00e9s de production industrielles performantes. L&rsquo;ENTREPRISE 25 ans d&rsquo;expertise SAVOIR-FAIRE Notre m\u00e9tier, c&rsquo;est de faire du pain. C&rsquo;est aussi de s&rsquo;adapter et de r\u00e9pondre \u00e0 vos besoins.<\/p>","protected":false},"author":5,"featured_media":0,"parent":0,"menu_order":0,"comment_status":"closed","ping_status":"closed","template":"","meta":{"_seopress_robots_primary_cat":"","_seopress_titles_title":"Boulangerie industrielle Europe des pains","_seopress_titles_desc":"Forte de 25 ans de traditions et de sa capacit\u00e9 industrielle et logistique, la boulangerie Europe des pains cr\u00e9e et distribue des produits d&#039;excellence \u00e0 travers la France et l&#039;Europe.","_seopress_robots_index":"","inline_featured_image":false,"site-sidebar-layout":"no-sidebar","site-content-layout":"page-builder","ast-global-header-display":"","ast-main-header-display":"","ast-hfb-above-header-display":"","ast-hfb-below-header-display":"","ast-hfb-mobile-header-display":"","site-post-title":"disabled","ast-breadcrumbs-content":"","ast-featured-img":"disabled","footer-sml-layout":"","theme-transparent-header-meta":"default","adv-header-id-meta":"","stick-header-meta":"default","header-above-stick-meta":"","header-main-stick-meta":"","header-below-stick-meta":"","footnotes":""},"class_list":["post-11","page","type-page","status-publish","hentry"],"_links":{"self":[{"href":"https:\/\/www.europedespains.com\/en\/wp-json\/wp\/v2\/pages\/11"}],"collection":[{"href":"https:\/\/www.europedespains.com\/en\/wp-json\/wp\/v2\/pages"}],"about":[{"href":"https:\/\/www.europedespains.com\/en\/wp-json\/wp\/v2\/types\/page"}],"author":[{"embeddable":true,"href":"https:\/\/www.europedespains.com\/en\/wp-json\/wp\/v2\/users\/5"}],"replies":[{"embeddable":true,"href":"https:\/\/www.europedespains.com\/en\/wp-json\/wp\/v2\/comments?post=11"}],"version-history":[{"count":8,"href":"https:\/\/www.europedespains.com\/en\/wp-json\/wp\/v2\/pages\/11\/revisions"}],"predecessor-version":[{"id":931,"href":"https:\/\/www.europedespains.com\/en\/wp-json\/wp\/v2\/pages\/11\/revisions\/931"}],"wp:attachment":[{"href":"https:\/\/www.europedespains.com\/en\/wp-json\/wp\/v2\/media?parent=11"}],"curies":[{"name":"wp","href":"https:\/\/api.w.org\/{rel}","templated":true}]}}